{"id":94,"date":"2016-09-26T19:27:21","date_gmt":"2016-09-26T17:27:21","guid":{"rendered":"http:\/\/lumatech.fr\/?page_id=94"},"modified":"2019-11-12T19:01:33","modified_gmt":"2019-11-12T18:01:33","slug":"accueil","status":"publish","type":"page","link":"https:\/\/lumatech.fr\/index.php\/accueil\/","title":{"rendered":"Qui sommes nous"},"content":{"rendered":"<div id=\"pl-94\"  class=\"panel-layout\" ><div id=\"pg-94-0\"  class=\"panel-grid panel-no-style\" ><div id=\"pgc-94-0-0\"  class=\"panel-grid-cell\" ><div id=\"panel-94-0-0-0\" class=\"so-panel widget widget_sow-editor panel-first-child panel-last-child\" data-index=\"0\" ><div\n\t\t\t\n\t\t\tclass=\"so-widget-sow-editor so-widget-sow-editor-base\"\n\t\t\t\n\t\t>\n<div class=\"siteorigin-widget-tinymce textwidget\">\n\t<p>Soci\u00e9t\u00e9 ind\u00e9pendante, nous intervenons dans le domaine des r\u00e9seaux de communication et des services associ\u00e9s avec une sp\u00e9cialisation dans les installations de Vid\u00e9oprotection.<\/p>\n<p>Nous r\u00e9alisons des \u00e9tudes techniques de faisabilit\u00e9 ainsi que des audits d'installations de vid\u00e9oprotection.<\/p>\n<p>Nous commercialisons et int\u00e9grons des solutions innovantes pour les\u00a0 CSU et PCS*. Ces solutions sont s\u00e9lectionn\u00e9es pour faciliter l'exploitation et apporter de nouvelles fonctionnalit\u00e9s de recherche, analyse et prise de d\u00e9cision.<\/p>\n<p>Pour rester au plus proche des \u00e9volutions technologiques, le personnel LUMATECH est certifi\u00e9 chez les fabricants et \u00e9diteurs des solutions que nous commercialisons et nous sommes membre de l'AN2V.<\/p>\n<p>&nbsp;<\/p>\n<p><em>* Centre de Supervision Urbain et Poste Central de S\u00e9curit\u00e9<\/em><\/p>\n<\/div>\n<\/div><\/div><\/div><\/div><div id=\"pg-94-1\"  class=\"panel-grid panel-no-style\" ><div id=\"pgc-94-1-0\"  class=\"panel-grid-cell\" ><div id=\"panel-94-1-0-0\" class=\"so-panel widget widget_sow-editor panel-first-child panel-last-child\" data-index=\"1\" ><div\n\t\t\t\n\t\t\tclass=\"so-widget-sow-editor so-widget-sow-editor-base\"\n\t\t\t\n\t\t>\n<div class=\"siteorigin-widget-tinymce textwidget\">\n\t<p><img loading=\"lazy\" decoding=\"async\" class=\"alignleft wp-image-650 size-medium\" src=\"http:\/\/lumatech.fr\/wp-content\/uploads\/2019\/11\/certifBC-300x223.jpg\" alt=\"\" width=\"300\" height=\"223\" srcset=\"https:\/\/lumatech.fr\/wp-content\/uploads\/2019\/11\/certifBC-300x223.jpg 300w, https:\/\/lumatech.fr\/wp-content\/uploads\/2019\/11\/certifBC-768x571.jpg 768w, https:\/\/lumatech.fr\/wp-content\/uploads\/2019\/11\/certifBC.jpg 913w\" sizes=\"(max-width: 300px) 100vw, 300px\" \/><\/p>\n<\/div>\n<\/div><\/div><\/div><div id=\"pgc-94-1-1\"  class=\"panel-grid-cell\" ><div id=\"panel-94-1-1-0\" class=\"so-panel widget widget_sow-editor panel-first-child panel-last-child\" data-index=\"2\" ><div\n\t\t\t\n\t\t\tclass=\"so-widget-sow-editor so-widget-sow-editor-base\"\n\t\t\t\n\t\t>\n<div class=\"siteorigin-widget-tinymce textwidget\">\n\t<p><span style=\"color: #000080;\">\u00a0<\/span><a href=\"http:\/\/lumatech.fr\/index.php\/genetec\/\"><img loading=\"lazy\" decoding=\"async\" class=\"wp-image-249 aligncenter\" src=\"http:\/\/lumatech.fr\/wp-content\/uploads\/2018\/01\/Genetec-CertifiedProfessional-Logo-LRG-en-300x78.png\" alt=\"\" width=\"208\" height=\"54\" srcset=\"https:\/\/lumatech.fr\/wp-content\/uploads\/2018\/01\/Genetec-CertifiedProfessional-Logo-LRG-en-300x78.png 300w, https:\/\/lumatech.fr\/wp-content\/uploads\/2018\/01\/Genetec-CertifiedProfessional-Logo-LRG-en-768x200.png 768w, https:\/\/lumatech.fr\/wp-content\/uploads\/2018\/01\/Genetec-CertifiedProfessional-Logo-LRG-en-1024x267.png 1024w, https:\/\/lumatech.fr\/wp-content\/uploads\/2018\/01\/Genetec-CertifiedProfessional-Logo-LRG-en.png 1150w\" sizes=\"(max-width: 208px) 100vw, 208px\" \/><\/a><\/p>\n<\/div>\n<\/div><\/div><\/div><div id=\"pgc-94-1-2\"  class=\"panel-grid-cell\" ><div id=\"panel-94-1-2-0\" class=\"so-panel widget widget_sow-editor panel-first-child panel-last-child\" data-index=\"3\" ><div\n\t\t\t\n\t\t\tclass=\"so-widget-sow-editor so-widget-sow-editor-base\"\n\t\t\t\n\t\t>\n<div class=\"siteorigin-widget-tinymce textwidget\">\n\t<p><a href=\"https:\/\/www.axis.com\/fr-fr\" target=\"_blank\" rel=\"noopener\"><img loading=\"lazy\" decoding=\"async\" class=\"aligncenter wp-image-278 size-full\" src=\"http:\/\/lumatech.fr\/wp-content\/uploads\/2018\/01\/AXIS.png\" alt=\"\" width=\"124\" height=\"64\" \/><\/a><\/p>\n<p><span style=\"color: #000080;\">\u00a0<\/span><\/p>\n<\/div>\n<\/div><\/div><\/div><div id=\"pgc-94-1-3\"  class=\"panel-grid-cell\" ><div id=\"panel-94-1-3-0\" class=\"so-panel widget widget_sow-editor panel-first-child panel-last-child\" data-index=\"4\" ><div\n\t\t\t\n\t\t\tclass=\"so-widget-sow-editor so-widget-sow-editor-base\"\n\t\t\t\n\t\t>\n<div class=\"siteorigin-widget-tinymce textwidget\">\n\t<p><a href=\"https:\/\/an2v.org\/\" target=\"_blank\" rel=\"noopener\"><img loading=\"lazy\" decoding=\"async\" class=\"alignleft wp-image-367 size-full\" src=\"http:\/\/lumatech.fr\/wp-content\/uploads\/2018\/08\/logo-AN2V.png\" alt=\"\" width=\"205\" height=\"128\" \/><\/a><\/p>\n<\/div>\n<\/div><\/div><\/div><\/div><div id=\"pg-94-2\"  class=\"panel-grid panel-no-style\" ><div id=\"pgc-94-2-0\"  class=\"panel-grid-cell panel-grid-cell-mobile-last\" ><div id=\"panel-94-2-0-0\" class=\"so-panel widget widget_sow-button panel-first-child panel-last-child\" data-index=\"5\" ><div\n\t\t\t\n\t\t\tclass=\"so-widget-sow-button so-widget-sow-button-atom-857739567c6a-94\"\n\t\t\t\n\t\t><div class=\"ow-button-base ow-button-align-center\">\n\t<a\n\thref=\"https:\/\/lumatech.fr\/\"\n\t\tclass=\"ow-icon-placement-left ow-button-hover\" \t>\n\t\t<span>\n\t\t\t<span class=\"sow-icon-fontawesome sow-fas\" data-sow-icon=\"&#xf060;\"\n\t\tstyle=\"color: #1c1c1c\" \n\t\taria-hidden=\"true\"><\/span>\n\t\t\tRetour accueil\t\t<\/span>\n\t<\/a>\n<\/div>\n<\/div><\/div><\/div><div id=\"pgc-94-2-1\"  class=\"panel-grid-cell panel-grid-cell-empty\" ><\/div><\/div><\/div>","protected":false},"excerpt":{"rendered":"<p>Soci\u00e9t\u00e9 ind\u00e9pendante, nous intervenons dans le domaine des r\u00e9seaux de communication et des services associ\u00e9s avec une sp\u00e9cialisation dans les installations de Vid\u00e9oprotection. Nous r\u00e9alisons des \u00e9tudes techniques de faisabilit\u00e9 ainsi que des audits d&rsquo;installations de vid\u00e9oprotection. Nous commercialisons et int\u00e9grons des solutions innovantes pour les\u00a0 CSU et PCS*. Ces [&hellip;]<\/p>\n","protected":false},"author":1,"featured_media":0,"parent":0,"menu_order":0,"comment_status":"closed","ping_status":"closed","template":"","meta":{"footnotes":""},"class_list":["post-94","page","type-page","status-publish","hentry"],"aioseo_notices":[],"_links":{"self":[{"href":"https:\/\/lumatech.fr\/index.php\/wp-json\/wp\/v2\/pages\/94"}],"collection":[{"href":"https:\/\/lumatech.fr\/index.php\/wp-json\/wp\/v2\/pages"}],"about":[{"href":"https:\/\/lumatech.fr\/index.php\/wp-json\/wp\/v2\/types\/page"}],"author":[{"embeddable":true,"href":"https:\/\/lumatech.fr\/index.php\/wp-json\/wp\/v2\/users\/1"}],"replies":[{"embeddable":true,"href":"https:\/\/lumatech.fr\/index.php\/wp-json\/wp\/v2\/comments?post=94"}],"version-history":[{"count":24,"href":"https:\/\/lumatech.fr\/index.php\/wp-json\/wp\/v2\/pages\/94\/revisions"}],"predecessor-version":[{"id":652,"href":"https:\/\/lumatech.fr\/index.php\/wp-json\/wp\/v2\/pages\/94\/revisions\/652"}],"wp:attachment":[{"href":"https:\/\/lumatech.fr\/index.php\/wp-json\/wp\/v2\/media?parent=94"}],"curies":[{"name":"wp","href":"https:\/\/api.w.org\/{rel}","templated":true}]}}