{"id":75,"date":"2016-09-26T18:38:04","date_gmt":"2016-09-26T16:38:04","guid":{"rendered":"http:\/\/lumatech.fr\/?page_id=75"},"modified":"2024-09-03T09:59:12","modified_gmt":"2024-09-03T07:59:12","slug":"nos-solutions","status":"publish","type":"page","link":"https:\/\/lumatech.fr\/index.php\/nos-solutions\/","title":{"rendered":"Nos Services"},"content":{"rendered":"<div id=\"pl-75\"  class=\"panel-layout\" ><div id=\"pg-75-0\"  class=\"panel-grid panel-no-style\" ><div id=\"pgc-75-0-0\"  class=\"panel-grid-cell\" ><div id=\"panel-75-0-0-0\" class=\"so-panel widget widget_sow-editor panel-first-child panel-last-child\" data-index=\"0\" ><div\n\t\t\t\n\t\t\tclass=\"so-widget-sow-editor so-widget-sow-editor-base\"\n\t\t\t\n\t\t>\n<div class=\"siteorigin-widget-tinymce textwidget\">\n\t<p style=\"text-align: center;\"><img loading=\"lazy\" decoding=\"async\" src=\"https:\/\/lumatech.fr\/wp-content\/uploads\/2018\/08\/logogestionprojet.jpg\" alt=\"\" width=\"72\" height=\"72\" class=\"aligncenter wp-image-448\" srcset=\"https:\/\/lumatech.fr\/wp-content\/uploads\/2018\/08\/logogestionprojet.jpg 225w, https:\/\/lumatech.fr\/wp-content\/uploads\/2018\/08\/logogestionprojet-150x150.jpg 150w\" sizes=\"(max-width: 72px) 100vw, 72px\" \/><span style=\"color: #000000;\"><\/span><\/p>\n<\/div>\n<\/div><\/div><\/div><div id=\"pgc-75-0-1\"  class=\"panel-grid-cell panel-grid-cell-empty\" ><\/div><div id=\"pgc-75-0-2\"  class=\"panel-grid-cell\" ><div id=\"panel-75-0-2-0\" class=\"so-panel widget widget_sow-editor panel-first-child panel-last-child\" data-index=\"1\" ><div\n\t\t\t\n\t\t\tclass=\"so-widget-sow-editor so-widget-sow-editor-base\"\n\t\t\t\n\t\t>\n<div class=\"siteorigin-widget-tinymce textwidget\">\n\t<p style=\"text-align: center;\"><img loading=\"lazy\" decoding=\"async\" src=\"https:\/\/lumatech.fr\/wp-content\/uploads\/2019\/02\/logo-black-on-light-BG.png\" alt=\"\" width=\"3000\" height=\"494\" class=\"aligncenter wp-image-593 size-full\" srcset=\"https:\/\/lumatech.fr\/wp-content\/uploads\/2019\/02\/logo-black-on-light-BG.png 3000w, https:\/\/lumatech.fr\/wp-content\/uploads\/2019\/02\/logo-black-on-light-BG-300x49.png 300w, https:\/\/lumatech.fr\/wp-content\/uploads\/2019\/02\/logo-black-on-light-BG-768x126.png 768w, https:\/\/lumatech.fr\/wp-content\/uploads\/2019\/02\/logo-black-on-light-BG-1024x169.png 1024w\" sizes=\"(max-width: 3000px) 100vw, 3000px\" \/><\/p>\n<p style=\"text-align: center;\">\n<\/div>\n<\/div><\/div><\/div><div id=\"pgc-75-0-3\"  class=\"panel-grid-cell panel-grid-cell-empty\" ><\/div><div id=\"pgc-75-0-4\"  class=\"panel-grid-cell\" ><div id=\"panel-75-0-4-0\" class=\"so-panel widget widget_sow-editor panel-first-child panel-last-child\" data-index=\"2\" ><div\n\t\t\t\n\t\t\tclass=\"so-widget-sow-editor so-widget-sow-editor-base\"\n\t\t\t\n\t\t>\n<div class=\"siteorigin-widget-tinymce textwidget\">\n\t<p><img loading=\"lazy\" decoding=\"async\" src=\"https:\/\/lumatech.fr\/wp-content\/uploads\/2018\/08\/logo-genetec-300x102.jpg\" alt=\"\" width=\"447\" height=\"152\" class=\" wp-image-462 aligncenter\" srcset=\"https:\/\/lumatech.fr\/wp-content\/uploads\/2018\/08\/logo-genetec-300x102.jpg 300w, https:\/\/lumatech.fr\/wp-content\/uploads\/2018\/08\/logo-genetec.jpg 356w\" sizes=\"(max-width: 447px) 100vw, 447px\" \/><\/p>\n<\/div>\n<\/div><\/div><\/div><\/div><div id=\"pg-75-1\"  class=\"panel-grid panel-no-style\" ><div id=\"pgc-75-1-0\"  class=\"panel-grid-cell\" ><div id=\"panel-75-1-0-0\" class=\"so-panel widget widget_sow-editor panel-first-child panel-last-child\" data-index=\"3\" ><div\n\t\t\t\n\t\t\tclass=\"so-widget-sow-editor so-widget-sow-editor-base\"\n\t\t\t\n\t\t>\n<div class=\"siteorigin-widget-tinymce textwidget\">\n\t<p style=\"text-align: center;\"><span style=\"color: #000000;\"><strong><a href=\"http:\/\/lumatech.fr\/index.php\/gestion-projet\/\" style=\"color: #000000;\">GESTION PROJETS<\/a><\/strong><\/span><\/p>\n<\/div>\n<\/div><\/div><\/div><div id=\"pgc-75-1-1\"  class=\"panel-grid-cell panel-grid-cell-empty\" ><\/div><div id=\"pgc-75-1-2\"  class=\"panel-grid-cell\" ><div id=\"panel-75-1-2-0\" class=\"so-panel widget widget_sow-editor panel-first-child panel-last-child\" data-index=\"4\" ><div\n\t\t\t\n\t\t\tclass=\"so-widget-sow-editor so-widget-sow-editor-base\"\n\t\t\t\n\t\t>\n<div class=\"siteorigin-widget-tinymce textwidget\">\n\t<p style=\"text-align: center;\"><a href=\"https:\/\/lumatech.fr\/index.php\/briefcam\/\"><span style=\"color: #000000;\"><b>Solution d'aide \u00e0 l'analyse Vid\u00e9o<\/b><\/span><\/a><\/p>\n<\/div>\n<\/div><\/div><\/div><div id=\"pgc-75-1-3\"  class=\"panel-grid-cell panel-grid-cell-empty\" ><\/div><div id=\"pgc-75-1-4\"  class=\"panel-grid-cell\" ><div id=\"panel-75-1-4-0\" class=\"so-panel widget widget_sow-editor panel-first-child panel-last-child\" data-index=\"5\" ><div\n\t\t\t\n\t\t\tclass=\"so-widget-sow-editor so-widget-sow-editor-base\"\n\t\t\t\n\t\t>\n<div class=\"siteorigin-widget-tinymce textwidget\">\n\t<p style=\"text-align: center;\"><span style=\"color: #000000;\"><a href=\"http:\/\/lumatech.fr\/index.php\/genetec\/\" style=\"color: #000000;\"><strong>Plateforme Unifi\u00e9e GENETEC<em><br \/>\n<\/em><\/strong><\/a><\/span><\/p>\n<p style=\"text-align: center;\"><span style=\"color: #000000;\"><strong>PILOTAGE SYSTEME VIDEO<\/strong><\/span><\/p>\n<\/div>\n<\/div><\/div><\/div><\/div><\/div>","protected":false},"excerpt":{"rendered":"<p>GESTION PROJETS Solution d&rsquo;aide \u00e0 l&rsquo;analyse Vid\u00e9o Plateforme Unifi\u00e9e GENETEC PILOTAGE SYSTEME VIDEO<\/p>\n","protected":false},"author":1,"featured_media":0,"parent":0,"menu_order":0,"comment_status":"closed","ping_status":"closed","template":"","meta":{"footnotes":""},"class_list":["post-75","page","type-page","status-publish","hentry"],"aioseo_notices":[],"_links":{"self":[{"href":"https:\/\/lumatech.fr\/index.php\/wp-json\/wp\/v2\/pages\/75"}],"collection":[{"href":"https:\/\/lumatech.fr\/index.php\/wp-json\/wp\/v2\/pages"}],"about":[{"href":"https:\/\/lumatech.fr\/index.php\/wp-json\/wp\/v2\/types\/page"}],"author":[{"embeddable":true,"href":"https:\/\/lumatech.fr\/index.php\/wp-json\/wp\/v2\/users\/1"}],"replies":[{"embeddable":true,"href":"https:\/\/lumatech.fr\/index.php\/wp-json\/wp\/v2\/comments?post=75"}],"version-history":[{"count":64,"href":"https:\/\/lumatech.fr\/index.php\/wp-json\/wp\/v2\/pages\/75\/revisions"}],"predecessor-version":[{"id":874,"href":"https:\/\/lumatech.fr\/index.php\/wp-json\/wp\/v2\/pages\/75\/revisions\/874"}],"wp:attachment":[{"href":"https:\/\/lumatech.fr\/index.php\/wp-json\/wp\/v2\/media?parent=75"}],"curies":[{"name":"wp","href":"https:\/\/api.w.org\/{rel}","templated":true}]}}