{"id":71,"date":"2016-09-26T18:36:15","date_gmt":"2016-09-26T16:36:15","guid":{"rendered":"http:\/\/lumatech.fr\/?page_id=71"},"modified":"2024-08-24T22:45:18","modified_gmt":"2024-08-24T20:45:18","slug":"contact","status":"publish","type":"page","link":"https:\/\/lumatech.fr\/index.php\/contact\/","title":{"rendered":"Contactez nous"},"content":{"rendered":"<div id=\"pl-71\"  class=\"panel-layout\" ><div id=\"pg-71-0\"  class=\"panel-grid panel-no-style\" ><div id=\"pgc-71-0-0\"  class=\"panel-grid-cell\" ><div id=\"panel-71-0-0-0\" class=\"so-panel widget widget_sow-editor panel-first-child\" data-index=\"0\" ><div\n\t\t\t\n\t\t\tclass=\"so-widget-sow-editor so-widget-sow-editor-base\"\n\t\t\t\n\t\t>\n<div class=\"siteorigin-widget-tinymce textwidget\">\n\t<blockquote>\n<p>Le formulaire ci apr\u00e8s est \u00e0 disposition pour toute demande...<\/p>\n<\/blockquote>\n<\/div>\n<\/div><\/div><div id=\"panel-71-0-0-1\" class=\"so-panel widget widget_sow-contact-form\" data-index=\"1\" ><div\n\t\t\t\n\t\t\tclass=\"so-widget-sow-contact-form so-widget-sow-contact-form-default-21dc21026556-71\"\n\t\t\t\n\t\t>\t<form\n\t\taction=\"\/index.php\/wp-json\/wp\/v2\/pages\/71\"\n\t\tmethod=\"POST\"\n\t\tclass=\"sow-contact-form\"\n\t\tid=\"contact-form-167a\"\n\t>\n\n\t\t\n\t\t\t\t\t<div class=\"sow-form-field sow-form-field-name\">\n\t\t\t\t<label class=\"sow-form-field-label-above\" for=\"sow-contact-form-field-votre-societe-collectivite-5a6757e14465c\">\n\t\t\t\t<strong>\n\t\t\t\t\tVotre soci\u00e9t\u00e9 \/ collectivit\u00e9\t\t\t\t\t\t\t\t\t<\/strong>\n\t\t\t<\/label>\n\t\t\t\t\t\t\t<span class=\"sow-field-container\">\n\t\t\t\t\t\t\t<input\n\t\t\ttype=\"text\"\n\t\t\tname=\"votre-societe-collectivite-5a6757e14465c\"\n\t\t\tid=\"sow-contact-form-field-votre-societe-collectivite-5a6757e14465c\"\n\t\t\tvalue=\"\"\n\t\t\tclass=\"sow-text-field\"\n\t\t\t\t\t\/>\n\t\t\t\t\t\t<\/span>\n\t\t\t\t\t\t\t<\/div>\n\t\t\t\t\t\t<div class=\"sow-form-field sow-form-field-name\">\n\t\t\t\t<label class=\"sow-form-field-label-above\" for=\"sow-contact-form-field-votre-nom-5a6757e14465c\">\n\t\t\t\t<strong>\n\t\t\t\t\tVotre nom\t\t\t\t\t\t\t\t\t<\/strong>\n\t\t\t<\/label>\n\t\t\t\t\t\t\t<span class=\"sow-field-container\">\n\t\t\t\t\t\t\t<input\n\t\t\ttype=\"text\"\n\t\t\tname=\"votre-nom-5a6757e14465c\"\n\t\t\tid=\"sow-contact-form-field-votre-nom-5a6757e14465c\"\n\t\t\tvalue=\"\"\n\t\t\tclass=\"sow-text-field\"\n\t\t\t\t\t\/>\n\t\t\t\t\t\t<\/span>\n\t\t\t\t\t\t\t<\/div>\n\t\t\t\t\t\t<div class=\"sow-form-field sow-form-field-email\">\n\t\t\t\t<label class=\"sow-form-field-label-above\" for=\"sow-contact-form-field-votre-adresse-de-messagerie-5a6757e14465c\">\n\t\t\t\t<strong>\n\t\t\t\t\tVotre adresse de messagerie\t\t\t\t\t\t\t\t\t<\/strong>\n\t\t\t<\/label>\n\t\t\t\t\t\t\t<span class=\"sow-field-container\">\n\t\t\t\t\t\t\t<input\n\t\t\ttype=\"email\"\n\t\t\tname=\"votre-adresse-de-messagerie-5a6757e14465c\"\n\t\t\tid=\"sow-contact-form-field-votre-adresse-de-messagerie-5a6757e14465c\"\n\t\t\tvalue=\"\"\n\t\t\tclass=\"sow-text-field\"\t\t\t\t\t\t\t\t\/>\n\t\t\t\t\t\t<\/span>\n\t\t\t\t\t\t\t<\/div>\n\t\t\t\t\t\t<div class=\"sow-form-field sow-form-field-subject\">\n\t\t\t\t<label class=\"sow-form-field-label-above\" for=\"sow-contact-form-field-sujet-5a6757e14465c\">\n\t\t\t\t<strong>\n\t\t\t\t\tSujet\t\t\t\t\t\t\t\t\t<\/strong>\n\t\t\t<\/label>\n\t\t\t\t\t\t\t<span class=\"sow-field-container\">\n\t\t\t\t\t\t\t<input\n\t\t\ttype=\"text\"\n\t\t\tname=\"sujet-5a6757e14465c\"\n\t\t\tid=\"sow-contact-form-field-sujet-5a6757e14465c\"\n\t\t\tvalue=\"\"\n\t\t\tclass=\"sow-text-field\"\n\t\t\t\t\t\t\t\t\/>\n\t\t\t\t\t\t<\/span>\n\t\t\t\t\t\t\t<\/div>\n\t\t\t\t\t\t<div class=\"sow-form-field sow-form-field-textarea\">\n\t\t\t\t<label class=\"sow-form-field-label-above\" for=\"sow-contact-form-field-message-5a6757e14465c\">\n\t\t\t\t<strong>\n\t\t\t\t\tMessage\t\t\t\t\t\t\t\t\t<\/strong>\n\t\t\t<\/label>\n\t\t\t\t\t\t\t<span class=\"sow-field-container\">\n\t\t\t\t\t\t\t<textarea\n\t\t\tname=\"message-5a6757e14465c\"\n\t\t\tid=\"sow-contact-form-field-message-5a6757e14465c\"\n\t\t\trows=\"10\"\n\t\t\t\t\t\t\t\t><\/textarea>\n\t\t\t\t\t\t<\/span>\n\t\t\t\t\t\t\t<\/div>\n\t\t\t\n\t\t\n\t\t<div class=\"sow-submit-wrapper sow-submit-styled\">\n\n\t\t\t<button\n\t\t\t\ttype=\"submit\"\n\t\t\t\tclass=\"sow-submit\"\n\t\t\t\t\t\t\t>\n\t\t\t\tEnvoie\t\t\t<\/button>\n\t\t<\/div>\n\t\t\t\t<input type=\"hidden\" name=\"instance_hash\" value=\"167aff36036c9dffc5b9cfbf74d2587f\" \/>\n\t\t<input type=\"hidden\" id=\"_wpnonce\" name=\"_wpnonce\" value=\"c7465431be\" \/><input type=\"hidden\" name=\"_wp_http_referer\" value=\"\/index.php\/wp-json\/wp\/v2\/pages\/71\" \/>\t<\/form>\n\t<\/div><\/div><div id=\"panel-71-0-0-2\" class=\"so-panel widget widget_sow-editor panel-last-child\" data-index=\"2\" ><div\n\t\t\t\n\t\t\tclass=\"so-widget-sow-editor so-widget-sow-editor-base\"\n\t\t\t\n\t\t>\n<div class=\"siteorigin-widget-tinymce textwidget\">\n\t<blockquote>\n<p><span style=\"color: #0000ff;\"><em>Les informations de ce formulaire serviront uniquement \u00e0 r\u00e9pondre \u00e0 la demande.<\/em><\/span><\/p>\n<p><span style=\"color: #0000ff;\"><em>Elles ne feront pas l'objet d'un traitement informatique.<\/em><\/span><\/p>\n<\/blockquote>\n<\/div>\n<\/div><\/div><\/div><div id=\"pgc-71-0-1\"  class=\"panel-grid-cell\" ><div id=\"panel-71-0-1-0\" class=\"so-panel widget widget_sow-editor panel-first-child\" data-index=\"3\" ><div\n\t\t\t\n\t\t\tclass=\"so-widget-sow-editor so-widget-sow-editor-base\"\n\t\t\t\n\t\t>\n<div class=\"siteorigin-widget-tinymce textwidget\">\n\t<blockquote>\n<p style=\"text-align: left;\">Nos bureaux sont situ\u00e9s en r\u00e9gion Hauts de France<\/p>\n<p>&gt; 4 Avenue Pierre MAUROY<\/p>\n<p>&gt; 59280 Armenti\u00e8res<\/p>\n<\/blockquote>\n<p style=\"padding-left: 30px;\">\n<\/div>\n<\/div><\/div><div id=\"panel-71-0-1-1\" class=\"so-panel widget widget_sow-editor\" data-index=\"4\" ><div\n\t\t\t\n\t\t\tclass=\"so-widget-sow-editor so-widget-sow-editor-base\"\n\t\t\t\n\t\t>\n<div class=\"siteorigin-widget-tinymce textwidget\">\n\t<p>Pour toute demande : <span style=\"color: #333399;\"><strong>contact@lumatech.fr<\/strong><\/span><\/p>\n<p>Pour le service apr\u00e8s vente : <span style=\"color: #333399;\"><strong>SAV@lumatech.fr<\/strong><\/span><\/p>\n<\/div>\n<\/div><\/div><div id=\"panel-71-0-1-2\" class=\"so-panel widget widget_sow-editor\" data-index=\"5\" ><div\n\t\t\t\n\t\t\tclass=\"so-widget-sow-editor so-widget-sow-editor-base\"\n\t\t\t\n\t\t>\n<div class=\"siteorigin-widget-tinymce textwidget\">\n\t<p style=\"text-align: center;\"><span style=\"color: #808080;\"><em>Cliquez sur la carte pour agrandir ....<\/em><\/span><\/p>\n<\/div>\n<\/div><\/div><div id=\"panel-71-0-1-3\" class=\"so-panel widget widget_sow-image panel-last-child\" data-index=\"6\" ><div\n\t\t\t\n\t\t\tclass=\"so-widget-sow-image so-widget-sow-image-default-c67d20f9f743-71\"\n\t\t\t\n\t\t>\n\n<div class=\"sow-image-container\">\n\t\t\t<a href=\"https:\/\/lumatech.fr\/index.php\/nous-rencontrer\/\"\n\t\t\t\t\t>\n\t\t\t<img loading=\"lazy\" decoding=\"async\" src=\"https:\/\/lumatech.fr\/wp-content\/uploads\/2018\/08\/plan-1.jpg\" width=\"1181\" height=\"550\" srcset=\"https:\/\/lumatech.fr\/wp-content\/uploads\/2018\/08\/plan-1.jpg 1181w, https:\/\/lumatech.fr\/wp-content\/uploads\/2018\/08\/plan-1-300x140.jpg 300w, https:\/\/lumatech.fr\/wp-content\/uploads\/2018\/08\/plan-1-768x358.jpg 768w, https:\/\/lumatech.fr\/wp-content\/uploads\/2018\/08\/plan-1-1024x477.jpg 1024w, https:\/\/lumatech.fr\/wp-content\/uploads\/2018\/08\/plan-1-642x300.jpg 642w\" sizes=\"(max-width: 1181px) 100vw, 1181px\" title=\"Cliquez pour agrandir\" alt=\"Carte\" \t\tclass=\"so-widget-image\"\/>\n\t<\/a><\/div>\n\n<\/div><\/div><\/div><\/div><div id=\"pg-71-1\"  class=\"panel-grid panel-no-style\" ><div id=\"pgc-71-1-0\"  class=\"panel-grid-cell panel-grid-cell-mobile-last\" ><div id=\"panel-71-1-0-0\" class=\"so-panel widget widget_sow-button panel-first-child panel-last-child\" data-index=\"7\" ><div\n\t\t\t\n\t\t\tclass=\"so-widget-sow-button so-widget-sow-button-atom-857739567c6a-71\"\n\t\t\t\n\t\t><div class=\"ow-button-base ow-button-align-center\">\n\t<a\n\thref=\"https:\/\/lumatech.fr\/\"\n\t\tclass=\"ow-icon-placement-left ow-button-hover\" \t>\n\t\t<span>\n\t\t\t<span class=\"sow-icon-fontawesome sow-fas\" data-sow-icon=\"&#xf060;\"\n\t\tstyle=\"color: #1c1c1c\" \n\t\taria-hidden=\"true\"><\/span>\n\t\t\tRetour accueil\t\t<\/span>\n\t<\/a>\n<\/div>\n<\/div><\/div><\/div><div id=\"pgc-71-1-1\"  class=\"panel-grid-cell panel-grid-cell-empty\" ><\/div><\/div><\/div>","protected":false},"excerpt":{"rendered":"<p>Le formulaire ci apr\u00e8s est \u00e0 disposition pour toute demande&#8230; Les informations de ce formulaire serviront uniquement \u00e0 r\u00e9pondre \u00e0 la demande. Elles ne feront pas l&rsquo;objet d&rsquo;un traitement informatique. Nos bureaux sont situ\u00e9s en r\u00e9gion Hauts de France &gt; 4 Avenue Pierre MAUROY &gt; 59280 Armenti\u00e8res Pour toute demande [&hellip;]<\/p>\n","protected":false},"author":1,"featured_media":8,"parent":0,"menu_order":0,"comment_status":"closed","ping_status":"closed","template":"page-templates\/contact.php","meta":{"footnotes":""},"class_list":["post-71","page","type-page","status-publish","has-post-thumbnail","hentry"],"aioseo_notices":[],"_links":{"self":[{"href":"https:\/\/lumatech.fr\/index.php\/wp-json\/wp\/v2\/pages\/71"}],"collection":[{"href":"https:\/\/lumatech.fr\/index.php\/wp-json\/wp\/v2\/pages"}],"about":[{"href":"https:\/\/lumatech.fr\/index.php\/wp-json\/wp\/v2\/types\/page"}],"author":[{"embeddable":true,"href":"https:\/\/lumatech.fr\/index.php\/wp-json\/wp\/v2\/users\/1"}],"replies":[{"embeddable":true,"href":"https:\/\/lumatech.fr\/index.php\/wp-json\/wp\/v2\/comments?post=71"}],"version-history":[{"count":48,"href":"https:\/\/lumatech.fr\/index.php\/wp-json\/wp\/v2\/pages\/71\/revisions"}],"predecessor-version":[{"id":808,"href":"https:\/\/lumatech.fr\/index.php\/wp-json\/wp\/v2\/pages\/71\/revisions\/808"}],"wp:featuredmedia":[{"embeddable":true,"href":"https:\/\/lumatech.fr\/index.php\/wp-json\/wp\/v2\/media\/8"}],"wp:attachment":[{"href":"https:\/\/lumatech.fr\/index.php\/wp-json\/wp\/v2\/media?parent=71"}],"curies":[{"name":"wp","href":"https:\/\/api.w.org\/{rel}","templated":true}]}}