{"id":513,"date":"2018-08-29T13:46:04","date_gmt":"2018-08-29T11:46:04","guid":{"rendered":"http:\/\/lumatech.fr\/?page_id=513"},"modified":"2024-09-03T09:56:33","modified_gmt":"2024-09-03T07:56:33","slug":"briefcam","status":"publish","type":"page","link":"https:\/\/lumatech.fr\/index.php\/briefcam\/","title":{"rendered":"BRIEFCAM"},"content":{"rendered":"<div id=\"pl-513\"  class=\"panel-layout\" ><div id=\"pg-513-0\"  class=\"panel-grid panel-no-style\" ><div id=\"pgc-513-0-0\"  class=\"panel-grid-cell\" ><div id=\"panel-513-0-0-0\" class=\"so-panel widget widget_sow-image panel-first-child\" data-index=\"0\" ><div\n\t\t\t\n\t\t\tclass=\"so-widget-sow-image so-widget-sow-image-default-8b5b6f678277-513\"\n\t\t\t\n\t\t>\n\n<div class=\"sow-image-container\">\n\t\t<img loading=\"lazy\" decoding=\"async\" src=\"https:\/\/lumatech.fr\/wp-content\/uploads\/2019\/02\/logo-black-on-light-BG.png\" width=\"3000\" height=\"494\" srcset=\"https:\/\/lumatech.fr\/wp-content\/uploads\/2019\/02\/logo-black-on-light-BG.png 3000w, https:\/\/lumatech.fr\/wp-content\/uploads\/2019\/02\/logo-black-on-light-BG-300x49.png 300w, https:\/\/lumatech.fr\/wp-content\/uploads\/2019\/02\/logo-black-on-light-BG-768x126.png 768w, https:\/\/lumatech.fr\/wp-content\/uploads\/2019\/02\/logo-black-on-light-BG-1024x169.png 1024w\" sizes=\"(max-width: 3000px) 100vw, 3000px\" title=\"logo-black on light BG\" alt=\"\" \t\tclass=\"so-widget-image\"\/>\n\t<\/div>\n\n<\/div><\/div><div id=\"panel-513-0-0-1\" class=\"so-panel widget widget_sow-image\" data-index=\"1\" ><div\n\t\t\t\n\t\t\tclass=\"so-widget-sow-image so-widget-sow-image-default-8b5b6f678277-513\"\n\t\t\t\n\t\t>\n\n<div class=\"sow-image-container\">\n\t\t<img loading=\"lazy\" decoding=\"async\" src=\"https:\/\/lumatech.fr\/wp-content\/uploads\/2019\/11\/certifBC.jpg\" width=\"150\" height=\"112\" srcset=\"https:\/\/lumatech.fr\/wp-content\/uploads\/2019\/11\/certifBC.jpg 913w, https:\/\/lumatech.fr\/wp-content\/uploads\/2019\/11\/certifBC-300x223.jpg 300w, https:\/\/lumatech.fr\/wp-content\/uploads\/2019\/11\/certifBC-768x571.jpg 768w\" sizes=\"(max-width: 150px) 100vw, 150px\" alt=\"\" \t\tclass=\"so-widget-image\"\/>\n\t<\/div>\n\n<\/div><\/div><div id=\"panel-513-0-0-2\" class=\"so-panel widget widget_sow-image panel-last-child\" data-index=\"2\" ><div\n\t\t\t\n\t\t\tclass=\"so-widget-sow-image so-widget-sow-image-default-8b5b6f678277-513\"\n\t\t\t\n\t\t>\n\n<div class=\"sow-image-container\">\n\t\t<img loading=\"lazy\" decoding=\"async\" src=\"https:\/\/lumatech.fr\/wp-content\/uploads\/2018\/01\/BriefCam-Certified-LUMATECH.jpg\" width=\"106\" height=\"150\" srcset=\"https:\/\/lumatech.fr\/wp-content\/uploads\/2018\/01\/BriefCam-Certified-LUMATECH.jpg 1748w, https:\/\/lumatech.fr\/wp-content\/uploads\/2018\/01\/BriefCam-Certified-LUMATECH-211x300.jpg 211w, https:\/\/lumatech.fr\/wp-content\/uploads\/2018\/01\/BriefCam-Certified-LUMATECH-768x1090.jpg 768w, https:\/\/lumatech.fr\/wp-content\/uploads\/2018\/01\/BriefCam-Certified-LUMATECH-722x1024.jpg 722w\" sizes=\"(max-width: 106px) 100vw, 106px\" title=\"BriefCam Certified LUMATECH\" alt=\"\" \t\tclass=\"so-widget-image\"\/>\n\t<\/div>\n\n<\/div><\/div><\/div><div id=\"pgc-513-0-1\"  class=\"panel-grid-cell\" ><div id=\"panel-513-0-1-0\" class=\"so-panel widget widget_sow-editor panel-first-child panel-last-child\" data-index=\"3\" ><div\n\t\t\t\n\t\t\tclass=\"so-widget-sow-editor so-widget-sow-editor-base\"\n\t\t\t\n\t\t>\n<div class=\"siteorigin-widget-tinymce textwidget\">\n\t<p><span style=\"color: #808080;\">LUMATECH est le revendeur \u00e0 valeur ajout\u00e9e historique de la solution BRIEFCAM pour le Nord de le France et la Belgique depuis 8 ans.<\/span><\/p>\n<hr \/>\n<p><span style=\"color: #808080;\">A travers sa certification Editeur, LUMATECH commercialise la solution d'analyse vid\u00e9o intelligente BRIEFCAM et propose une offre modulable : <\/span><\/p>\n<blockquote>\n<p><span style=\"color: #808080;\">D\u00e9finition de l'architecture cible pour s'int\u00e9grer dans un syst\u00e8me existant<\/span><\/p>\n<p><span style=\"color: #808080;\">Livraison et installation de la solution BRIEFCAM<\/span><\/p>\n<p><span style=\"color: #808080;\">Livraison et installation du mat\u00e9riel Serveur \/ PC r\u00e9pondant aux pr\u00e9conisations techniques de l'\u00e9diteur pour une performance optimum<\/span><\/p>\n<p><span style=\"color: #808080;\">Contrats de maintenance et mise \u00e0 jour des produits<\/span><\/p>\n<p>Formation et accompagnement des exploitants<\/p>\n<p>&nbsp;<\/p>\n<\/blockquote>\n<\/div>\n<\/div><\/div><\/div><\/div><div id=\"pg-513-1\"  class=\"panel-grid panel-no-style\" ><div id=\"pgc-513-1-0\"  class=\"panel-grid-cell\" ><div id=\"panel-513-1-0-0\" class=\"so-panel widget widget_sow-editor panel-first-child panel-last-child\" data-index=\"4\" ><div class=\"panel-widget-style panel-widget-style-for-513-1-0-0\" ><div\n\t\t\t\n\t\t\tclass=\"so-widget-sow-editor so-widget-sow-editor-base\"\n\t\t\t\n\t\t><h3 class=\"widget-title\">BriefCam en bref ....<\/h3>\n<div class=\"siteorigin-widget-tinymce textwidget\">\n\t<p><span style=\"color: #008000;\"><strong><a style=\"color: #008000;\" href=\"http:\/\/lumatech.fr\/wp-content\/uploads\/2019\/02\/BriefCam_datasheet_5_3_FR_A4.pdf\">BriefCam\u00a0<\/a><\/strong>\u00a0<\/span>est une solution logicielle qui fournit \u00e0 l\u2019exploitant une visualisation originale des enregistrements vid\u00e9o.<\/p>\n<div>Le principe consiste \u00e0 pr\u00e9senter l\u2019ensemble des \u00e9v\u00e9nements de mani\u00e8re simultan\u00e9e et condens\u00e9e.<\/div>\n<div><\/div>\n<div>Pour encore plus d\u2019efficacit\u00e9, des crit\u00e8res de recherche peuvent \u00eatre appliqu\u00e9s pour identifier un \u00e9v\u00e9nement : couleur, trajectoire, temps d\u2019arr\u00eat.<\/div>\n<div><\/div>\n<div>La solution s\u2019int\u00e8gre aux principaux syst\u00e8mes de gestion vid\u00e9o garantissant ergonomie et performance.<\/div>\n<div><\/div>\n<div>BriefCam \u00e9vite une relecture fastidieuse des enregistrements par l\u2019exploitant =&gt; gain de temps<\/div>\n<p>&nbsp;<\/p>\n<\/div>\n<\/div><\/div><\/div><\/div><div id=\"pgc-513-1-1\"  class=\"panel-grid-cell\" ><div id=\"panel-513-1-1-0\" class=\"so-panel widget widget_sow-editor panel-first-child panel-last-child\" data-index=\"5\" ><div class=\"panel-widget-style panel-widget-style-for-513-1-1-0\" ><div\n\t\t\t\n\t\t\tclass=\"so-widget-sow-editor so-widget-sow-editor-base\"\n\t\t\t\n\t\t><h3 class=\"widget-title\">Pour en savoir plus...<\/h3>\n<div class=\"siteorigin-widget-tinymce textwidget\">\n\t<p><strong><span style=\"color: #000000;\">Documentation BriefCam : <\/span><\/strong><a href=\"https:\/\/lumatech.fr\/wp-content\/uploads\/2024\/09\/BriefCam_2024M1_FR.pdf\">BriefCam_2024M1_FR , disponible Octobre 2024<\/a><\/p>\n<p><strong><span style=\"color: #000000;\">Site BriefCam :<\/span><\/strong><a href=\"https:\/\/www.briefcam.com\/\"> https:\/\/Briefcam.com<\/a><\/p>\n<\/div>\n<\/div><\/div><\/div><\/div><\/div><div id=\"pg-513-2\"  class=\"panel-grid panel-no-style\" ><div id=\"pgc-513-2-0\"  class=\"panel-grid-cell panel-grid-cell-mobile-last\" ><div id=\"panel-513-2-0-0\" class=\"so-panel widget widget_siteorigin-panels-postloop panel-first-child panel-last-child\" data-index=\"6\" ><div class=\"panel-widget-style panel-widget-style-for-513-2-0-0\" ><article \n\t\tid=\"post-670\" \n\t\tclass=\"card card-plain card-blog text-center post-670 post type-post status-publish format-standard hentry category-lumatech\"><div class=\"row \"><div class= \"col-md-12\"><div class=\"card-body\"><h6 class=\"category text-info\"><a href=\"https:\/\/lumatech.fr\/index.php\/category\/lumatech\/\" title=\"Voir tout les articles dans LUMATECH\"  rel=\"tag\">LUMATECH<\/a> <\/h6><h2 class=\"card-title entry-title\"><a href=\"https:\/\/lumatech.fr\/index.php\/2024\/08\/26\/lumatech-votre-partenaire-regional-briefcam-historique\/\" title=\"LUMATECH votre partenaire historique BRIEFCAM\" rel=\"bookmark\">LUMATECH votre partenaire historique BRIEFCAM<\/a><\/h2><div class=\"card-description entry-summary \"><p>d\u00e9j\u00e0 8\u00a0ans que LUMATECH d\u00e9ploie, maintient et met \u00e0 jour les solutions BRIEFCAM et accompagne les utilisateurs par des formations et du conseil personnalis\u00e9 sur site. Dans ce cadre LUMATECH vient de renouveler sa certification technique BRIEFCAM. Vous avez un<a class=\"moretag\" href=\"https:\/\/lumatech.fr\/index.php\/2024\/08\/26\/lumatech-votre-partenaire-regional-briefcam-historique\/\"> Lire la suite&hellip;<\/a><\/p>\n<\/div><div class=\"text-center\"><a href=\"https:\/\/lumatech.fr\/index.php\/2024\/08\/26\/lumatech-votre-partenaire-regional-briefcam-historique\/\" class=\"btn colored-button\">Lire la suite<\/a><\/div><\/div><\/div><\/div><\/article><article \n\t\tid=\"post-646\" \n\t\tclass=\"card card-plain card-blog text-center post-646 post type-post status-publish format-standard hentry category-briefcam\"><div class=\"row \"><div class= \"col-md-12\"><div class=\"card-body\"><h6 class=\"category text-info\"><a href=\"https:\/\/lumatech.fr\/index.php\/category\/briefcam\/\" title=\"Voir tout les articles dans BRIEFCAM\"  rel=\"tag\">BRIEFCAM<\/a> <\/h6><h2 class=\"card-title entry-title\"><a href=\"https:\/\/lumatech.fr\/index.php\/2023\/08\/23\/briefcam-version-5-4-1\/\" title=\"Briefcam version 7.0\" rel=\"bookmark\">Briefcam version 7.0<\/a><\/h2><div class=\"card-description entry-summary \"><p>La version 7.0 est maintenant disponible avec de nouvelles fonctionnalit\u00e9s :<\/p>\n<\/div><div class=\"text-center\"><a href=\"https:\/\/lumatech.fr\/index.php\/2023\/08\/23\/briefcam-version-5-4-1\/\" class=\"btn colored-button\">Lire la suite<\/a><\/div><\/div><\/div><\/div><\/article><article \n\t\tid=\"post-698\" \n\t\tclass=\"card card-plain card-blog text-center post-698 post type-post status-publish format-standard hentry category-briefcam\"><div class=\"row \"><div class= \"col-md-12\"><div class=\"card-body\"><h6 class=\"category text-info\"><a href=\"https:\/\/lumatech.fr\/index.php\/category\/briefcam\/\" title=\"Voir tout les articles dans BRIEFCAM\"  rel=\"tag\">BRIEFCAM<\/a> <\/h6><h2 class=\"card-title entry-title\"><a href=\"https:\/\/lumatech.fr\/index.php\/2020\/04\/01\/briefcam-version-5-6\/\" title=\"BRIEFCAM Version 5.6\" rel=\"bookmark\">BRIEFCAM Version 5.6<\/a><\/h2><div class=\"card-description entry-summary \"><p>Plaques d&rsquo;immatriculation Con\u00e7ue sp\u00e9cialement pour les sc\u00e9narios de recherche rapide de d\u00e9lits, la d\u00e9tection diff\u00e9renci\u00e9e des plaques d&rsquo;immatriculation de BriefCam permet aux utilisateurs de rechercher dans les vid\u00e9os les plaques d&rsquo;immatriculation des v\u00e9hicules. Comptage Personnes ou V\u00e9hicules Configurez des r\u00e8gles<a class=\"moretag\" href=\"https:\/\/lumatech.fr\/index.php\/2020\/04\/01\/briefcam-version-5-6\/\"> Lire la suite&hellip;<\/a><\/p>\n<\/div><div class=\"text-center\"><a href=\"https:\/\/lumatech.fr\/index.php\/2020\/04\/01\/briefcam-version-5-6\/\" class=\"btn colored-button\">Lire la suite<\/a><\/div><\/div><\/div><\/div><\/article><\/div><\/div><\/div><div id=\"pgc-513-2-1\"  class=\"panel-grid-cell panel-grid-cell-empty\" ><\/div><\/div><div id=\"pg-513-3\"  class=\"panel-grid panel-no-style\" ><div id=\"pgc-513-3-0\"  class=\"panel-grid-cell panel-grid-cell-mobile-last\" ><div id=\"panel-513-3-0-0\" class=\"so-panel widget widget_sow-button panel-first-child panel-last-child\" data-index=\"7\" ><div\n\t\t\t\n\t\t\tclass=\"so-widget-sow-button so-widget-sow-button-atom-36e22cfc6189-698\"\n\t\t\t\n\t\t><div class=\"ow-button-base ow-button-align-center\">\n\t<a\n\thref=\"https:\/\/lumatech.fr\/\"\n\t\tclass=\"ow-icon-placement-left ow-button-hover\" \t>\n\t\t<span>\n\t\t\t<span class=\"sow-icon-fontawesome sow-fas\" data-sow-icon=\"&#xf060;\"\n\t\tstyle=\"color: #1c1c1c\" \n\t\taria-hidden=\"true\"><\/span>\n\t\t\tRetour accueil\t\t<\/span>\n\t<\/a>\n<\/div>\n<\/div><\/div><\/div><div id=\"pgc-513-3-1\"  class=\"panel-grid-cell panel-grid-cell-empty\" ><\/div><\/div><\/div>","protected":false},"excerpt":{"rendered":"<p>LUMATECH est le revendeur \u00e0 valeur ajout\u00e9e historique de la solution BRIEFCAM pour le Nord de le France et la Belgique depuis 8 ans. A travers sa certification Editeur, LUMATECH commercialise la solution d&rsquo;analyse vid\u00e9o intelligente BRIEFCAM et propose une offre modulable : D\u00e9finition de l&rsquo;architecture cible pour s&rsquo;int\u00e9grer dans [&hellip;]<\/p>\n","protected":false},"author":1,"featured_media":0,"parent":0,"menu_order":0,"comment_status":"closed","ping_status":"closed","template":"","meta":{"footnotes":""},"class_list":["post-513","page","type-page","status-publish","hentry"],"aioseo_notices":[],"_links":{"self":[{"href":"https:\/\/lumatech.fr\/index.php\/wp-json\/wp\/v2\/pages\/513"}],"collection":[{"href":"https:\/\/lumatech.fr\/index.php\/wp-json\/wp\/v2\/pages"}],"about":[{"href":"https:\/\/lumatech.fr\/index.php\/wp-json\/wp\/v2\/types\/page"}],"author":[{"embeddable":true,"href":"https:\/\/lumatech.fr\/index.php\/wp-json\/wp\/v2\/users\/1"}],"replies":[{"embeddable":true,"href":"https:\/\/lumatech.fr\/index.php\/wp-json\/wp\/v2\/comments?post=513"}],"version-history":[{"count":67,"href":"https:\/\/lumatech.fr\/index.php\/wp-json\/wp\/v2\/pages\/513\/revisions"}],"predecessor-version":[{"id":872,"href":"https:\/\/lumatech.fr\/index.php\/wp-json\/wp\/v2\/pages\/513\/revisions\/872"}],"wp:attachment":[{"href":"https:\/\/lumatech.fr\/index.php\/wp-json\/wp\/v2\/media?parent=513"}],"curies":[{"name":"wp","href":"https:\/\/api.w.org\/{rel}","templated":true}]}}