{"id":485,"date":"2018-08-29T11:48:17","date_gmt":"2018-08-29T09:48:17","guid":{"rendered":"http:\/\/lumatech.fr\/?page_id=485"},"modified":"2018-08-29T14:57:22","modified_gmt":"2018-08-29T12:57:22","slug":"genetec","status":"publish","type":"page","link":"https:\/\/lumatech.fr\/index.php\/genetec\/","title":{"rendered":"GENETEC Pilotage de votre syst\u00e8me de s\u00e9curit\u00e9"},"content":{"rendered":"<div id=\"pl-485\"  class=\"panel-layout\" ><div id=\"pg-485-0\"  class=\"panel-grid panel-no-style\" ><div id=\"pgc-485-0-0\"  class=\"panel-grid-cell\" ><div id=\"panel-485-0-0-0\" class=\"so-panel widget widget_sow-image panel-first-child panel-last-child\" data-index=\"0\" ><div\n\t\t\t\n\t\t\tclass=\"so-widget-sow-image so-widget-sow-image-default-4e6925654b7a-485\"\n\t\t\t\n\t\t>\n\n<div class=\"sow-image-container\">\n\t\t<img loading=\"lazy\" decoding=\"async\" src=\"https:\/\/lumatech.fr\/wp-content\/uploads\/2018\/08\/logoreondgenetec.jpg\" width=\"150\" height=\"150\" srcset=\"https:\/\/lumatech.fr\/wp-content\/uploads\/2018\/08\/logoreondgenetec.jpg 224w, https:\/\/lumatech.fr\/wp-content\/uploads\/2018\/08\/logoreondgenetec-150x150.jpg 150w\" sizes=\"(max-width: 150px) 100vw, 150px\" alt=\"\" \t\tclass=\"so-widget-image\"\/>\n\t<\/div>\n\n<\/div><\/div><\/div><div id=\"pgc-485-0-1\"  class=\"panel-grid-cell\" ><div id=\"panel-485-0-1-0\" class=\"so-panel widget widget_sow-editor panel-first-child panel-last-child\" data-index=\"1\" ><div\n\t\t\t\n\t\t\tclass=\"so-widget-sow-editor so-widget-sow-editor-base\"\n\t\t\t\n\t\t>\n<div class=\"siteorigin-widget-tinymce textwidget\">\n\t<p><span style=\"color: #808080;\">A travers sa certification , LUMATECH propose toutes prestations associ\u00e9es \u00e0 la gamme de produits GENETEC :<\/span><\/p>\n<blockquote>\n<p><span style=\"color: #808080;\">D\u00e9ploiement nouveau syst\u00e8me de vid\u00e9oprotection (CSU, PC s\u00e9curit\u00e9)<\/span><\/p>\n<p><span style=\"color: #808080;\">Extension et\/ou mise \u00e0 niveau technique d'installations existantes<\/span><\/p>\n<p><span style=\"color: #808080;\">Interventions de d\u00e9pannages<\/span><\/p>\n<\/blockquote>\n<p>&nbsp;<\/p>\n<\/div>\n<\/div><\/div><\/div><div id=\"pgc-485-0-2\"  class=\"panel-grid-cell\" ><div id=\"panel-485-0-2-0\" class=\"so-panel widget widget_sow-editor panel-first-child\" data-index=\"2\" ><div\n\t\t\t\n\t\t\tclass=\"so-widget-sow-editor so-widget-sow-editor-base\"\n\t\t\t\n\t\t>\n<div class=\"siteorigin-widget-tinymce textwidget\">\n\t<p><a href=\"https:\/\/www.genetec.com\/fr\" target=\"_blank\" rel=\"noopener\"><span style=\"color: #800000;\"><em><strong><span style=\"color: #3366ff;\">Pour d\u00e9couvrir plus : https:\/\/www.genetec.com\/fr<\/span><\/strong><\/em><\/span><\/a><\/p>\n<\/div>\n<\/div><\/div><div id=\"panel-485-0-2-1\" class=\"so-panel widget widget_sow-image panel-last-child\" data-index=\"3\" ><div\n\t\t\t\n\t\t\tclass=\"so-widget-sow-image so-widget-sow-image-default-e4c2d9f6c920-485\"\n\t\t\t\n\t\t>\n\n<div class=\"sow-image-container\">\n\t\t<img loading=\"lazy\" decoding=\"async\" src=\"https:\/\/lumatech.fr\/wp-content\/uploads\/2018\/08\/Genetec-CertifiedProfessional-Logo-eml-fr.png\" width=\"230\" height=\"60\" sizes=\"(max-width: 230px) 100vw, 230px\" alt=\"\" \t\tclass=\"so-widget-image\"\/>\n\t<\/div>\n\n<\/div><\/div><\/div><\/div><div id=\"pg-485-1\"  class=\"panel-grid panel-no-style\" ><div id=\"pgc-485-1-0\"  class=\"panel-grid-cell\" ><div id=\"panel-485-1-0-0\" class=\"so-panel widget widget_media_video panel-first-child panel-last-child\" data-index=\"4\" ><div style=\"width:100%;\" class=\"wp-video\"><!--[if lt IE 9]><script>document.createElement('video');<\/script><![endif]-->\n<video class=\"wp-video-shortcode\" id=\"video-485-1\" preload=\"metadata\" controls=\"controls\"><source type=\"video\/youtube\" src=\"https:\/\/www.youtube.com\/watch?v=0WaH0n_HPS0&#038;_=1\" \/><a href=\"https:\/\/www.youtube.com\/watch?v=0WaH0n_HPS0\">https:\/\/www.youtube.com\/watch?v=0WaH0n_HPS0<\/a><\/video><\/div><\/div><\/div><\/div><div id=\"pg-485-2\"  class=\"panel-grid panel-no-style\" ><div id=\"pgc-485-2-0\"  class=\"panel-grid-cell panel-grid-cell-mobile-last\" ><div id=\"panel-485-2-0-0\" class=\"so-panel widget widget_sow-button panel-first-child panel-last-child\" data-index=\"5\" ><div\n\t\t\t\n\t\t\tclass=\"so-widget-sow-button so-widget-sow-button-atom-7359f5fc84aa-485\"\n\t\t\t\n\t\t><div class=\"ow-button-base ow-button-align-left\">\n\t<a\n\thref=\"https:\/\/lumatech.fr\/\"\n\t\tclass=\"ow-icon-placement-left ow-button-hover\" \t>\n\t\t<span>\n\t\t\t<span class=\"sow-icon-fontawesome sow-fas\" data-sow-icon=\"&#xf060;\"\n\t\tstyle=\"color: #262626\" \n\t\taria-hidden=\"true\"><\/span>\n\t\t\tRetour accueil\t\t<\/span>\n\t<\/a>\n<\/div>\n<\/div><\/div><\/div><div id=\"pgc-485-2-1\"  class=\"panel-grid-cell panel-grid-cell-empty\" ><\/div><\/div><\/div>","protected":false},"excerpt":{"rendered":"<p>A travers sa certification , LUMATECH propose toutes prestations associ\u00e9es \u00e0 la gamme de produits GENETEC : D\u00e9ploiement nouveau syst\u00e8me de vid\u00e9oprotection (CSU, PC s\u00e9curit\u00e9) Extension et\/ou mise \u00e0 niveau technique d&rsquo;installations existantes Interventions de d\u00e9pannages &nbsp; Pour d\u00e9couvrir plus : https:\/\/www.genetec.com\/fr<\/p>\n","protected":false},"author":1,"featured_media":0,"parent":0,"menu_order":0,"comment_status":"closed","ping_status":"closed","template":"","meta":{"footnotes":""},"class_list":["post-485","page","type-page","status-publish","hentry"],"aioseo_notices":[],"_links":{"self":[{"href":"https:\/\/lumatech.fr\/index.php\/wp-json\/wp\/v2\/pages\/485"}],"collection":[{"href":"https:\/\/lumatech.fr\/index.php\/wp-json\/wp\/v2\/pages"}],"about":[{"href":"https:\/\/lumatech.fr\/index.php\/wp-json\/wp\/v2\/types\/page"}],"author":[{"embeddable":true,"href":"https:\/\/lumatech.fr\/index.php\/wp-json\/wp\/v2\/users\/1"}],"replies":[{"embeddable":true,"href":"https:\/\/lumatech.fr\/index.php\/wp-json\/wp\/v2\/comments?post=485"}],"version-history":[{"count":25,"href":"https:\/\/lumatech.fr\/index.php\/wp-json\/wp\/v2\/pages\/485\/revisions"}],"predecessor-version":[{"id":566,"href":"https:\/\/lumatech.fr\/index.php\/wp-json\/wp\/v2\/pages\/485\/revisions\/566"}],"wp:attachment":[{"href":"https:\/\/lumatech.fr\/index.php\/wp-json\/wp\/v2\/media?parent=485"}],"curies":[{"name":"wp","href":"https:\/\/api.w.org\/{rel}","templated":true}]}}