{"id":473,"date":"2018-08-29T11:36:38","date_gmt":"2018-08-29T09:36:38","guid":{"rendered":"http:\/\/lumatech.fr\/?page_id=473"},"modified":"2024-08-24T22:54:41","modified_gmt":"2024-08-24T20:54:41","slug":"gestion-projet","status":"publish","type":"page","link":"https:\/\/lumatech.fr\/index.php\/gestion-projet\/","title":{"rendered":"GESTION PROJET"},"content":{"rendered":"<div id=\"pl-473\"  class=\"panel-layout\" ><div id=\"pg-473-0\"  class=\"panel-grid panel-no-style\" ><div id=\"pgc-473-0-0\"  class=\"panel-grid-cell\" ><div id=\"panel-473-0-0-0\" class=\"so-panel widget widget_sow-image panel-first-child panel-last-child\" data-index=\"0\" ><div\n\t\t\t\n\t\t\tclass=\"so-widget-sow-image so-widget-sow-image-default-8b5b6f678277-473\"\n\t\t\t\n\t\t>\n\n<div class=\"sow-image-container\">\n\t\t<img loading=\"lazy\" decoding=\"async\" src=\"https:\/\/lumatech.fr\/wp-content\/uploads\/2018\/08\/logogestionprojet.jpg\" width=\"150\" height=\"150\" srcset=\"https:\/\/lumatech.fr\/wp-content\/uploads\/2018\/08\/logogestionprojet.jpg 225w, https:\/\/lumatech.fr\/wp-content\/uploads\/2018\/08\/logogestionprojet-150x150.jpg 150w\" sizes=\"(max-width: 150px) 100vw, 150px\" alt=\"\" \t\tclass=\"so-widget-image\"\/>\n\t<\/div>\n\n<\/div><\/div><\/div><div id=\"pgc-473-0-1\"  class=\"panel-grid-cell\" ><div id=\"panel-473-0-1-0\" class=\"so-panel widget widget_sow-editor panel-first-child panel-last-child\" data-index=\"1\" ><div\n\t\t\t\n\t\t\tclass=\"so-widget-sow-editor so-widget-sow-editor-base\"\n\t\t\t\n\t\t>\n<div class=\"siteorigin-widget-tinymce textwidget\">\n\t<h6><span style=\"color: #808080;\"><em>Soci\u00e9t\u00e9 ind\u00e9pendante, nous\u00a0 intervenons dans\u00a0 le domaine des r\u00e9seaux de communication et des services associ\u00e9s avec une sp\u00e9cialit\u00e9 dans les\u00a0 installations de Vid\u00e9oprotection.<\/em><\/span><\/h6>\n<p>&nbsp;<\/p>\n<p><span style=\"color: #808080;\">En s'appuyant sur les 25 ann\u00e9es d'exp\u00e9rience du dirigeant, LUMATECH propose une offre modulable de gestion de projets. Chaque contrat est construit sur mesure en ad\u00e9quation avec le besoin.<\/span><\/p>\n<p>&nbsp;<\/p>\n<\/div>\n<\/div><\/div><\/div><\/div><div id=\"pg-473-1\"  class=\"panel-grid panel-no-style\" ><div id=\"pgc-473-1-0\"  class=\"panel-grid-cell panel-grid-cell-empty\" ><\/div><div id=\"pgc-473-1-1\"  class=\"panel-grid-cell panel-grid-cell-mobile-last\" ><div id=\"panel-473-1-1-0\" class=\"so-panel widget widget_sow-editor panel-first-child panel-last-child\" data-index=\"2\" ><div\n\t\t\t\n\t\t\tclass=\"so-widget-sow-editor so-widget-sow-editor-base\"\n\t\t\t\n\t\t>\n<div class=\"siteorigin-widget-tinymce textwidget\">\n\t<blockquote><p><span style=\"color: #808080;\">ETUDES pr\u00e9alables \u00e0 la conception d'une solution technique et budg\u00e9taire<\/span><\/p>\n<p><span style=\"color: #808080;\">SUIVI de la r\u00e9alisation<\/span><\/p>\n<p><span style=\"color: #808080;\">VALIDATION de la bonne fin de prestation avec \u00e9tablissement d'un rapport de pr\u00e9 r\u00e9ception<\/span><\/p><\/blockquote>\n<p>&nbsp;<\/p>\n<\/div>\n<\/div><\/div><\/div><div id=\"pgc-473-1-2\"  class=\"panel-grid-cell panel-grid-cell-empty\" ><\/div><\/div><div id=\"pg-473-2\"  class=\"panel-grid panel-no-style\" ><div id=\"pgc-473-2-0\"  class=\"panel-grid-cell panel-grid-cell-mobile-last\" ><div id=\"panel-473-2-0-0\" class=\"so-panel widget widget_sow-button panel-first-child panel-last-child\" data-index=\"3\" ><div\n\t\t\t\n\t\t\tclass=\"so-widget-sow-button so-widget-sow-button-atom-857739567c6a-473\"\n\t\t\t\n\t\t><div class=\"ow-button-base ow-button-align-center\">\n\t<a\n\thref=\"https:\/\/lumatech.fr\/\"\n\t\tclass=\"ow-icon-placement-left ow-button-hover\" \t>\n\t\t<span>\n\t\t\t<span class=\"sow-icon-fontawesome sow-fas\" data-sow-icon=\"&#xf060;\"\n\t\tstyle=\"color: #1c1c1c\" \n\t\taria-hidden=\"true\"><\/span>\n\t\t\tRetour accueil\t\t<\/span>\n\t<\/a>\n<\/div>\n<\/div><\/div><\/div><div id=\"pgc-473-2-1\"  class=\"panel-grid-cell panel-grid-cell-empty\" ><\/div><\/div><\/div>","protected":false},"excerpt":{"rendered":"<p>Soci\u00e9t\u00e9 ind\u00e9pendante, nous\u00a0 intervenons dans\u00a0 le domaine des r\u00e9seaux de communication et des services associ\u00e9s avec une sp\u00e9cialit\u00e9 dans les\u00a0 installations de Vid\u00e9oprotection. &nbsp; En s&rsquo;appuyant sur les 25 ann\u00e9es d&rsquo;exp\u00e9rience du dirigeant, LUMATECH propose une offre modulable de gestion de projets. Chaque contrat est construit sur mesure en ad\u00e9quation [&hellip;]<\/p>\n","protected":false},"author":1,"featured_media":0,"parent":0,"menu_order":0,"comment_status":"closed","ping_status":"closed","template":"","meta":{"footnotes":""},"class_list":["post-473","page","type-page","status-publish","hentry"],"aioseo_notices":[],"_links":{"self":[{"href":"https:\/\/lumatech.fr\/index.php\/wp-json\/wp\/v2\/pages\/473"}],"collection":[{"href":"https:\/\/lumatech.fr\/index.php\/wp-json\/wp\/v2\/pages"}],"about":[{"href":"https:\/\/lumatech.fr\/index.php\/wp-json\/wp\/v2\/types\/page"}],"author":[{"embeddable":true,"href":"https:\/\/lumatech.fr\/index.php\/wp-json\/wp\/v2\/users\/1"}],"replies":[{"embeddable":true,"href":"https:\/\/lumatech.fr\/index.php\/wp-json\/wp\/v2\/comments?post=473"}],"version-history":[{"count":16,"href":"https:\/\/lumatech.fr\/index.php\/wp-json\/wp\/v2\/pages\/473\/revisions"}],"predecessor-version":[{"id":810,"href":"https:\/\/lumatech.fr\/index.php\/wp-json\/wp\/v2\/pages\/473\/revisions\/810"}],"wp:attachment":[{"href":"https:\/\/lumatech.fr\/index.php\/wp-json\/wp\/v2\/media?parent=473"}],"curies":[{"name":"wp","href":"https:\/\/api.w.org\/{rel}","templated":true}]}}